{"id":363,"date":"2026-03-27T13:02:59","date_gmt":"2026-03-27T13:02:59","guid":{"rendered":"https:\/\/ramstuga.se\/shop\/?page_id=363"},"modified":"2026-04-18T14:52:19","modified_gmt":"2026-04-18T14:52:19","slug":"about","status":"publish","type":"page","link":"https:\/\/ramstuga.se\/sv\/about\/","title":{"rendered":"Om"},"content":{"rendered":"\t\t<div data-elementor-type=\"wp-page\" data-elementor-id=\"363\" class=\"elementor elementor-363\" data-elementor-post-type=\"page\">\n\t\t\t\t<div class=\"elementor-element elementor-element-0618906 e-con-full e-flex e-con e-parent\" data-id=\"0618906\" data-element_type=\"container\" data-e-type=\"container\" data-settings=\"{&quot;background_background&quot;:&quot;classic&quot;}\">\n\t\t\t\t<div class=\"elementor-element elementor-element-c39ff4a elementor-widget__width-inherit elementor-widget elementor-widget-html\" data-id=\"c39ff4a\" data-element_type=\"widget\" data-e-type=\"widget\" data-widget_type=\"html.default\">\n\t\t\t\t\t<div class=\"hero-typing\">\n  <h1 id=\"typing-text\"\n      data-texts=\"Why we started Ramstuga....|Made from Reclaimed Wood|Each Piece is Unique\"\n      data-texts-sv=\"Varf\u00f6r vi startade Ramstuga....|Tillverkade av \u00e5tervunnet tr\u00e4|Varje stycke \u00e4r unikt\">\n  <\/h1>\n<\/div>\n\n<style>\n.hero-typing {\n  text-align: center;\n  padding: 0 20px;\n}\n\n\/* Desktop *\/\n#typing-text {\n  color: #ffffff;\n  font-size: 64px;\n  letter-spacing: 2px;\n  font-family: \"Cormorant Garamond\", serif;\n  margin: 0;\n  line-height: 1.3;\n  word-break: break-word;\n  -webkit-text-stroke: 1px #000;\n}\n\n\/* Cursor *\/\n#typing-text::after {\n  content: \"|\";\n  margin-left: 5px;\n  animation: blink 1s infinite;\n}\n\n@keyframes blink {\n  0%,100% {opacity:1;}\n  50% {opacity:0;}\n}\n\n\/* Tablet *\/\n@media (max-width: 1024px) {\n  #typing-text {\n    font-size: 40px;\n    letter-spacing: 1px;\n  }\n}\n\n\/* Mobiel *\/\n@media (max-width: 767px) {\n  #typing-text {\n    font-size: 20px;\n    letter-spacing: 0.5px;\n    line-height: 1.4;\n  }\n}\n\n\/* Zweeds: cursor uit *\/\nhtml[lang^=\"sv\"] #typing-text::after {\n  display: none;\n}\n<\/style>\n\n<script>\ndocument.addEventListener(\"DOMContentLoaded\", function () {\n  const element = document.getElementById(\"typing-text\");\n  if (!element) return;\n\n  const isSwedish = document.documentElement.lang.startsWith(\"sv\");\n\n  if (isSwedish) {\n    const swedishTexts = element.getAttribute(\"data-texts-sv\");\n    element.textContent = swedishTexts ? swedishTexts.split(\"|\")[0] : \"Varf\u00f6r vi startade Ramstuga....\";\n    return;\n  }\n\n  const textsAttr = element.getAttribute(\"data-texts\");\n  if (!textsAttr) return;\n\n  const texts = textsAttr.split(\"|\");\n  let i = 0;\n  let j = 0;\n  let isDeleting = false;\n\n  function type() {\n    let current = texts[i];\n\n    if (isDeleting) {\n      j--;\n    } else {\n      j++;\n    }\n\n    element.textContent = current.substring(0, j);\n\n    if (!isDeleting && j === current.length) {\n      isDeleting = true;\n      setTimeout(type, 1500);\n      return;\n    }\n\n    if (isDeleting && j === 0) {\n      isDeleting = false;\n      i = (i + 1) % texts.length;\n    }\n\n    setTimeout(type, isDeleting ? 40 : 80);\n  }\n\n  type();\n});\n<\/script>\t\t\t\t<\/div>\n\t\t\t\t<\/div>\n\t\t<div class=\"elementor-element elementor-element-607b6c7 e-flex e-con-boxed e-con e-parent\" data-id=\"607b6c7\" data-element_type=\"container\" data-e-type=\"container\">\n\t\t\t\t\t<div class=\"e-con-inner\">\n\t\t\t\t<div class=\"elementor-element elementor-element-b0e1601 elementor-widget elementor-widget-image\" data-id=\"b0e1601\" data-element_type=\"widget\" data-e-type=\"widget\" data-widget_type=\"image.default\">\n\t\t\t\t\t\t\t\t\t\t\t\t\t\t\t<img fetchpriority=\"high\" decoding=\"async\" width=\"1536\" height=\"1024\" src=\"https:\/\/ramstuga.se\/wp-content\/uploads\/2026\/03\/Nico-Barbara.png\" class=\"attachment-full size-full wp-image-371\" alt=\"\" srcset=\"https:\/\/ramstuga.se\/wp-content\/uploads\/2026\/03\/Nico-Barbara.png 1536w, https:\/\/ramstuga.se\/wp-content\/uploads\/2026\/03\/Nico-Barbara-300x200.png 300w, https:\/\/ramstuga.se\/wp-content\/uploads\/2026\/03\/Nico-Barbara-1024x683.png 1024w, https:\/\/ramstuga.se\/wp-content\/uploads\/2026\/03\/Nico-Barbara-768x512.png 768w, https:\/\/ramstuga.se\/wp-content\/uploads\/2026\/03\/Nico-Barbara-600x400.png 600w\" sizes=\"(max-width: 1536px) 100vw, 1536px\" \/>\t\t\t\t\t\t\t\t\t\t\t\t\t\t\t<\/div>\n\t\t\t\t\t<\/div>\n\t\t\t\t<\/div>\n\t\t<div class=\"elementor-element elementor-element-9e6e646 e-con-full e-flex e-con e-parent\" data-id=\"9e6e646\" data-element_type=\"container\" data-e-type=\"container\">\n\t\t<div class=\"elementor-element elementor-element-88ee210 e-con-full e-flex e-con e-child\" data-id=\"88ee210\" data-element_type=\"container\" data-e-type=\"container\" data-settings=\"{&quot;background_background&quot;:&quot;classic&quot;}\">\n\t\t\t\t<\/div>\n\t\t<div class=\"elementor-element elementor-element-b6ad02c e-con-full e-flex e-con e-child\" data-id=\"b6ad02c\" data-element_type=\"container\" data-e-type=\"container\">\n\t\t\t\t<div class=\"elementor-element elementor-element-17c7655 elementor-widget elementor-widget-text-editor\" data-id=\"17c7655\" data-element_type=\"widget\" data-e-type=\"widget\" data-widget_type=\"text-editor.default\">\n\t\t\t\t\t\t\t\t\t<p>We founded RAMSTUGA together out of a shared love for Swedish nature, calm, and simplicity. Living and working in this environment has taught us how valuable silence, space, and natural materials are.<\/p><p>We want to bring that atmosphere into homes \u2014 especially Swedish interiors \u2014 through handcrafted frames that don\u2019t shout for attention, but instead bring calm.<\/p><h3><span style=\"text-decoration: underline;\">Thoughtfully made<\/span><\/h3><p>\u00a0<\/p><p>Our frames are carefully made from reclaimed wood. Every piece of wood has already had a life and carries its own story. We give it a new purpose \u2014 pure, honest, and with respect for nature.<\/p><p class=\"about-values\"><strong>Sustainable.<\/strong> Rustic. Timeless. Simple. Natural. Swedish.<\/p><p>Inspired by the Swedish landscape \u2014 forests, lakes, and mountains \u2014 we create work that is not only a frame, but a feeling: atmosphere, balance, and calm.<\/p>\t\t\t\t\t\t\t\t<\/div>\n\t\t\t\t<\/div>\n\t\t\t\t<\/div>\n\t\t<div class=\"elementor-element elementor-element-624c1b2 e-flex e-con-boxed e-con e-parent\" data-id=\"624c1b2\" data-element_type=\"container\" data-e-type=\"container\" data-settings=\"{&quot;background_background&quot;:&quot;classic&quot;}\">\n\t\t\t\t\t<div class=\"e-con-inner\">\n\t\t<div class=\"elementor-element elementor-element-c4781d1 e-con-full e-flex e-con e-child\" data-id=\"c4781d1\" data-element_type=\"container\" data-e-type=\"container\">\n\t\t\t\t<div class=\"elementor-element elementor-element-81cbb7f elementor-cta--layout-image-above elementor-cta--valign-bottom elementor-widget__width-inherit elementor-cta--skin-classic elementor-animated-content elementor-bg-transform elementor-bg-transform-zoom-in elementor-widget elementor-widget-call-to-action\" data-id=\"81cbb7f\" data-element_type=\"widget\" data-e-type=\"widget\" data-widget_type=\"call-to-action.default\">\n\t\t\t\t\t\t\t<div class=\"elementor-cta\">\n\t\t\t\t\t<div class=\"elementor-cta__bg-wrapper\">\n\t\t\t\t<div class=\"elementor-cta__bg elementor-bg\" style=\"background-image: url(https:\/\/ramstuga.se\/wp-content\/uploads\/2026\/03\/shop-hero.png);\" role=\"img\" aria-label=\"shop-hero\"><\/div>\n\t\t\t\t<div class=\"elementor-cta__bg-overlay\"><\/div>\n\t\t\t<\/div>\n\t\t\t\t\t\t\t<div class=\"elementor-cta__content\">\n\t\t\t\t\n\t\t\t\t\t\t\t\t\t<h2 class=\"elementor-cta__title elementor-cta__content-item elementor-content-item\">\n\t\t\t\t\t\tFrames for every home\t\t\t\t\t<\/h2>\n\t\t\t\t\n\t\t\t\t\t\t\t\t\t<div class=\"elementor-cta__description elementor-cta__content-item elementor-content-item\">\n\t\t\t\t\t\tSustainable. Rustic. Timeless.\nSimple. Natural. Swedish.\t\t\t\t\t<\/div>\n\t\t\t\t\n\t\t\t\t\t\t\t\t\t<div class=\"elementor-cta__button-wrapper elementor-cta__content-item elementor-content-item \">\n\t\t\t\t\t<a class=\"elementor-cta__button elementor-button elementor-size-\" href=\"https:\/\/ramstuga.se\/shop\/\">\n\t\t\t\t\t\tCome shop\t\t\t\t\t<\/a>\n\t\t\t\t\t<\/div>\n\t\t\t\t\t\t\t<\/div>\n\t\t\t\t\t\t<\/div>\n\t\t\t\t\t\t<\/div>\n\t\t\t\t<\/div>\n\t\t\t\t\t<\/div>\n\t\t\t\t<\/div>\n\t\t\t\t<\/div>\n\t\t","protected":false},"excerpt":{"rendered":"<p>We founded RAMSTUGA together out of a shared love for Swedish nature, calm, and simplicity. Living and working in this [&hellip;]<\/p>\n","protected":false},"author":1,"featured_media":0,"parent":0,"menu_order":0,"comment_status":"closed","ping_status":"closed","template":"elementor_header_footer","meta":{"site-sidebar-layout":"no-sidebar","site-content-layout":"","ast-site-content-layout":"full-width-container","site-content-style":"default","site-sidebar-style":"default","ast-global-header-display":"","ast-banner-title-visibility":"","ast-main-header-display":"","ast-hfb-above-header-display":"","ast-hfb-below-header-display":"","ast-hfb-mobile-header-display":"","site-post-title":"disabled","ast-breadcrumbs-content":"","ast-featured-img":"disabled","footer-sml-layout":"","ast-disable-related-posts":"","theme-transparent-header-meta":"enabled","adv-header-id-meta":"","stick-header-meta":"","header-above-stick-meta":"","header-main-stick-meta":"","header-below-stick-meta":"","astra-migrate-meta-layouts":"default","ast-page-background-enabled":"default","ast-page-background-meta":{"desktop":{"background-color":"var(--ast-global-color-5)","background-image":"","background-repeat":"repeat","background-position":"center center","background-size":"auto","background-attachment":"scroll","background-type":"","background-media":"","overlay-type":"","overlay-color":"","overlay-opacity":"","overlay-gradient":""},"tablet":{"background-color":"","background-image":"","background-repeat":"repeat","background-position":"center center","background-size":"auto","background-attachment":"scroll","background-type":"","background-media":"","overlay-type":"","overlay-color":"","overlay-opacity":"","overlay-gradient":""},"mobile":{"background-color":"","background-image":"","background-repeat":"repeat","background-position":"center center","background-size":"auto","background-attachment":"scroll","background-type":"","background-media":"","overlay-type":"","overlay-color":"","overlay-opacity":"","overlay-gradient":""}},"ast-content-background-meta":{"desktop":{"background-color":"var(--ast-global-color-4)","background-image":"","background-repeat":"repeat","background-position":"center center","background-size":"auto","background-attachment":"scroll","background-type":"","background-media":"","overlay-type":"","overlay-color":"","overlay-opacity":"","overlay-gradient":""},"tablet":{"background-color":"var(--ast-global-color-4)","background-image":"","background-repeat":"repeat","background-position":"center center","background-size":"auto","background-attachment":"scroll","background-type":"","background-media":"","overlay-type":"","overlay-color":"","overlay-opacity":"","overlay-gradient":""},"mobile":{"background-color":"var(--ast-global-color-4)","background-image":"","background-repeat":"repeat","background-position":"center center","background-size":"auto","background-attachment":"scroll","background-type":"","background-media":"","overlay-type":"","overlay-color":"","overlay-opacity":"","overlay-gradient":""}},"footnotes":""},"class_list":["post-363","page","type-page","status-publish","hentry"],"_hostinger_reach_plugin_has_subscription_block":false,"_hostinger_reach_plugin_is_elementor":false,"_links":{"self":[{"href":"https:\/\/ramstuga.se\/sv\/wp-json\/wp\/v2\/pages\/363","targetHints":{"allow":["GET"]}}],"collection":[{"href":"https:\/\/ramstuga.se\/sv\/wp-json\/wp\/v2\/pages"}],"about":[{"href":"https:\/\/ramstuga.se\/sv\/wp-json\/wp\/v2\/types\/page"}],"author":[{"embeddable":true,"href":"https:\/\/ramstuga.se\/sv\/wp-json\/wp\/v2\/users\/1"}],"replies":[{"embeddable":true,"href":"https:\/\/ramstuga.se\/sv\/wp-json\/wp\/v2\/comments?post=363"}],"version-history":[{"count":124,"href":"https:\/\/ramstuga.se\/sv\/wp-json\/wp\/v2\/pages\/363\/revisions"}],"predecessor-version":[{"id":1261,"href":"https:\/\/ramstuga.se\/sv\/wp-json\/wp\/v2\/pages\/363\/revisions\/1261"}],"wp:attachment":[{"href":"https:\/\/ramstuga.se\/sv\/wp-json\/wp\/v2\/media?parent=363"}],"curies":[{"name":"wp","href":"https:\/\/api.w.org\/{rel}","templated":true}]}}